{"id":25,"date":"2022-06-14T22:13:32","date_gmt":"2022-06-14T21:13:32","guid":{"rendered":"https:\/\/jelenagavrilovic.rs\/?page_id=25"},"modified":"2022-07-01T20:36:07","modified_gmt":"2022-07-01T19:36:07","slug":"o-meni","status":"publish","type":"page","link":"https:\/\/jelenagavrilovic.rs\/?page_id=25","title":{"rendered":"O MENI"},"content":{"rendered":"\n<p>Verovala si da je to ljubav za ceo \u017eivot, \u201edok vas smrt ne rastavi\u201c.<\/p>\n\n\n\n<p>A eto, ipak nije bila.&nbsp; Nakon razvoda ili prekida ose\u0107a\u0161 se kao da ti se \u010ditav svet raspao. Sve je sru\u0161eno i izgleda druga\u010dije, kao posle razornog zemljotresa. Slika svega \u0161to ste bili sada je potpuno druga\u010dija, pro\u0161lost deluje iskrivljeno, a budu\u0107nost maglovito.<\/p>\n\n\n\n<p>Boji\u0161 se da nikad vi\u0161e ne\u0107e\u0161 biti sre\u0107na. To sada jednostavno ne izgleda mogu\u0107e.<\/p>\n\n\n\n<p>Zamisli kakav bi samo \u017eivot bio kada bi sve ovo ostavila iza sebe, i iza\u0161la nova, bez bola i tuge, spremna da izgradi\u0161 svoj \u017eivot iznova. Mo\u017eda i da ponovo voli\u0161, \u0161to da ne&#8230;<\/p>\n\n\n\n<p>Znam da ti to sada izgleda kao nerealni san.<\/p>\n\n\n\n<p>Ali, oda\u0107u ti jednu tajnu: mogu\u0107e je.<\/p>\n\n\n\n<p>Ti mo\u017ee\u0161 izgraditi sve iznova, i to lep\u0161e, bolje, i na zdravim temeljima.<\/p>\n\n\n\n<p>Samo je pre toga potrebno da se oslobodi\u0161 svega starog, isceli\u0161 svoje bi\u0107e i osna\u017ei\u0161 se.<\/p>\n\n\n\n<p>Ja sam Jelena Gavrilovi\u0107 Mili\u0107evi\u0107, kou\u010d, i pomo\u0107i \u0107u ti da se osna\u017ei\u0161 posle prekida ili razvoda i preuzme\u0161 \u017eivot u svoje ruke.<\/p>\n\n\n\n<p>Kroz rad sa mnom:<\/p>\n\n\n\n<ul><li>Osvesti\u0107e\u0161 svoje trenutno stanje<\/li><li>Jasno \u0107e\u0161 definisati \u0161ta \u017eeli\u0161 da ostvari\u0161<\/li><li>Zajedno \u0107emo napraviti plan sa preciznim koracima koji \u0107e te dovesti do cilja<\/li><li>Istra\u017ei\u0107e\u0161 prepreke na putu ka cilju i na\u010dine da ih ukloni\u0161<\/li><li>Osvesti\u0107e\u0161 svoja ograni\u010davaju\u0107a uverenja, obrasce pona\u0161anja i strahove<\/li><li>Zameni\u0107emo ih novim, podr\u017eavaju\u0107im<\/li><li>Nau\u010di\u0107e\u0161 kako da uti\u0161a\u0161 unutra\u0161njeg kriti\u010dara<\/li><li>Povrati\u0107e\u0161 samopouzdanje i veru u sebe<\/li><li>Osna\u017ei\u0107e\u0161 se i otkriti svoju mo\u0107<\/li><li>Preuze\u0107e\u0161 odgovornost za svoj \u017eivot i osvestiti svoju mo\u0107 da ga transformi\u0161e\u0161.<\/li><\/ul>\n\n\n\n<p>Preuzmi ponovo \u017eivot u svoje ruke! Zaka\u017ei 20-minutnu besplatnu konsultaciju Ovde<\/p>\n\n\n\n<p><strong>Moja pri\u010da<\/strong><\/p>\n\n\n\n<p>Na svom \u017eivotnom putu, pro\u0161la sam kroz brojne oluje, i mogu re\u0107i da me \u017eivot nije mazio. Zahvaljuju\u0107i tome, danas tako dobro razumem svoje klijente.<\/p>\n\n\n\n<p>U razmaku od svega nekoliko godina, izgubila sam oba roditelja i voljenog partnera.<\/p>\n\n\n\n<p>Pro\u0161la sam kroz nebrojene trenutke nemira, o\u010daja, anksioznosti.<\/p>\n\n\n\n<p>Ostavila za sobom sve, i po\u010dela \u017eivot iznova, od nule.<\/p>\n\n\n\n<p>Skupila sam snage i po\u010dela da tra\u017eim na\u010din da pomognem sebi i prevazi\u0111em tamu u kojoj sam se na\u0161la. Tra\u017ee\u0107i re\u0161enje kako da pomognem sebi, krenula sam putem li\u010dnog razvoja.<\/p>\n\n\n\n<p>To je bila jedna od najboljih odluka koje sam donela, jer me je odvela do neslu\u0107enih spoznaja.<\/p>\n\n\n\n<p>Kroz rad sa svojim coachem do\u0161la sam do brojnih uvida koji su mi pomogli da preispitam i transformi\u0161em sve u svom \u017eivotu.<\/p>\n\n\n\n<p>Tada sam i spoznala svoju \u017eivotnu svrhu i misiju, a to pomo\u0107 drugima da se usude da pogledaju dublje u sebe, istra\u017ee i ostvare svoje potencijale. Da se izbore sa obrascima koji ih sputavaju i ostvare najdublji poziv svoje du\u0161e. Gorela sam od \u017eelje da i drugima pomognem da lak\u0161e pro\u0111u putem kojim sam sama pro\u0161la.<\/p>\n\n\n\n<p>Me\u0111utim, kako bih pomagala drugima na putu promene, nedostajala su mi znanja i ve\u0161tine.<\/p>\n\n\n\n<p>Tako sam 2019. krenula na put intezivnih edukacija.<\/p>\n\n\n\n<p><strong>Edukacije<\/strong><\/p>\n\n\n\n<p>Kako bih \u0161to bolje pomogla \u017eenama koje nakon rastanka od partnera prolaze kroz proces ru\u0161enja i ponovne izgradnje sebe, postala sam:<\/p>\n\n\n\n<ul><li>sertifikovani life-coach od strane ECA ( Europen Coaching Association )<\/li><li>NLP Practitioner<\/li><li>Energy Balance Coach<\/li><li>NLP Master<\/li><li>PEAT Procesor<\/li><\/ul>\n\n\n\n<p>Danas \u017eivim svoju misiju, poma\u017eu\u0107i \u017eenama da se iscele i osna\u017ee nakon razvoda ili raskida.<\/p>\n\n\n\n<p>Sa ljubavlju i zahvalnos\u0161\u0107u gledam na sve \u017eivotne oluje koje su me dovele ovde gde sam sada. Volim to ko jesam, ono \u0161to radim i kako to radim. Smelo istra\u017eujem dubine svog bi\u0107a i s ljubavlju i saose\u0107anjem vodim druge na putovanje u sredi\u0161te sebe.<\/p>\n\n\n\n<p>Tu sam da tebi pru\u017eim podr\u0161ku na putu li\u010dne transformacije i pomognem ti da se isceli\u0161 i osna\u017ei\u0161 nakon razvoda ili prekida. Uz moju pomo\u0107, otkri\u0107e\u0161 novu sebe, koja je u stanju da iznova osmisli i izgradi \u017eivot i odnose po svojoj meri.<\/p>\n\n\n\n<p><strong>Jesi li spremna?<\/strong><\/p>\n\n\n\n<p>Zaka\u017ei besplatnu konsultaciju u trajanju od 20 minuta<\/p>\n","protected":false},"excerpt":{"rendered":"<p>Verovala si da je to ljubav za ceo \u017eivot, \u201edok vas smrt ne rastavi\u201c. A eto, ipak nije bila.&nbsp; Nakon razvoda ili prekida ose\u0107a\u0161 se kao da ti se \u010ditav svet raspao. Sve je sru\u0161eno i izgleda druga\u010dije, kao posle razornog zemljotresa. Slika svega \u0161to ste bili sada je potpuno druga\u010dija, pro\u0161lost deluje iskrivljeno, a [&hellip;]<\/p>\n","protected":false},"author":1,"featured_media":21,"parent":0,"menu_order":0,"comment_status":"closed","ping_status":"closed","template":"","meta":[],"_links":{"self":[{"href":"https:\/\/jelenagavrilovic.rs\/index.php?rest_route=\/wp\/v2\/pages\/25"}],"collection":[{"href":"https:\/\/jelenagavrilovic.rs\/index.php?rest_route=\/wp\/v2\/pages"}],"about":[{"href":"https:\/\/jelenagavrilovic.rs\/index.php?rest_route=\/wp\/v2\/types\/page"}],"author":[{"embeddable":true,"href":"https:\/\/jelenagavrilovic.rs\/index.php?rest_route=\/wp\/v2\/users\/1"}],"replies":[{"embeddable":true,"href":"https:\/\/jelenagavrilovic.rs\/index.php?rest_route=%2Fwp%2Fv2%2Fcomments&post=25"}],"version-history":[{"count":6,"href":"https:\/\/jelenagavrilovic.rs\/index.php?rest_route=\/wp\/v2\/pages\/25\/revisions"}],"predecessor-version":[{"id":263,"href":"https:\/\/jelenagavrilovic.rs\/index.php?rest_route=\/wp\/v2\/pages\/25\/revisions\/263"}],"wp:featuredmedia":[{"embeddable":true,"href":"https:\/\/jelenagavrilovic.rs\/index.php?rest_route=\/wp\/v2\/media\/21"}],"wp:attachment":[{"href":"https:\/\/jelenagavrilovic.rs\/index.php?rest_route=%2Fwp%2Fv2%2Fmedia&parent=25"}],"curies":[{"name":"wp","href":"https:\/\/api.w.org\/{rel}","templated":true}]}}