{"id":199,"date":"2022-06-26T20:21:58","date_gmt":"2022-06-26T19:21:58","guid":{"rendered":"https:\/\/jelenagavrilovic.rs\/?page_id=199"},"modified":"2022-07-01T20:37:29","modified_gmt":"2022-07-01T19:37:29","slug":"vise-o-coachingu","status":"publish","type":"page","link":"https:\/\/jelenagavrilovic.rs\/?page_id=199","title":{"rendered":"Vi\u0161e o Coachingu"},"content":{"rendered":"\n<p><strong>Coaching proces<\/strong><\/p>\n\n\n\n<p><strong><strong>\u2022<\/strong>\u0160ta je Life Coach?<\/strong><\/p>\n\n\n\n<p> Life coach je osoba koja je profesionalno edukovana da ti pomogne da unapredi\u0161 svoj \u017eivot, probudi\u0161 uspavane potencijale, pronadje\u0161 nove mogu\u0107nosti i re\u0161enja, stekne\u0161 nove ve\u0161tine, unapredi\u0161 svoju komunikaciju.<\/p>\n\n\n\n<p>Life Coach poma\u017ee svojim klijentima u pobolj\u0161anju njihovih odnosa, karjere i svakodnevnog \u017eivota.<\/p>\n\n\n\n<p>Life coach ti mo\u017ee pomo\u0107i da razjasni\u0161 svoje ciljeve, identifikuje\u0161 prepreke koje te sputavaju, a zatim da osmisli\u0161 strategiju za prevazila\u017eenje svake prepreke.&nbsp;<\/p>\n\n\n\n<p>Life coach slu\u0161a srcem!<\/p>\n\n\n\n<p><strong>\u2022\u0160ta je Transformativni Coaching?<\/strong><\/p>\n\n\n\n<p>Transformativni coaching zaranja duboko u psihu pojedinaca, fokusiraju\u0107i se na to ko je ta osoba i ko \u017eeli da postane.<\/p>\n\n\n\n<p>Veliko transformativno coaching pitanje je:&nbsp;<\/p>\n\n\n\n<p class=\"has-black-color has-text-color\"><strong>,, KO BIRA\u0160 DA BUDE\u0160 ?\u201d<\/strong> <\/p>\n\n\n\n<p>a ono \u0161to \u010dini proces transformativnim jeste u\u010denje i \u010dinjenje onog \u0161to je potrebno da postane\u0161 to otelotvorenje tog izbora u bi\u0107u.<\/p>\n\n\n\n<p>Da bi ti olak\u0161ao ovaj proces transformativni coach te podr\u017eava da uroni\u0161 ispod povr\u0161ine u samoistra\u017eivanje, da preispita\u0161 svoj \u017eivot, svoja uverenja slike i tuma\u010denja, da spozna\u0161 ko si ti i koja je tvoja svrha postojanja na ovom svetu.<\/p>\n\n\n\n<p class=\"has-black-color has-text-color\"><strong>Svaka transformacija je promena, ali nije svaka promena transformacija.<\/strong><\/p>\n\n\n\n<p><strong>\u0160TA JE COACHING?<br><\/strong><br>Coaching&nbsp;je dijalog&nbsp;izmedju&nbsp;coacha&nbsp;i klijenta u kojem&nbsp;coach&nbsp;otvara pitanja&nbsp;pomo\u0107u kojih klijent dolazi do najboljeg re\u0161enja za sebe.<br><br>Coaching&nbsp;je proces&nbsp;gde&nbsp;coach&nbsp;podr\u017eava&nbsp;i vodiklijenta&nbsp;da napravi pozitivnu promenu,&nbsp;iz ne\u017eeljene situacije u kojoj klijent ima&nbsp;odredjeni&nbsp;izazov ili problem, u \u017eeljeno stanje.&nbsp;<br><br>Coaching&nbsp;ti poma\u017ee u savladavanju te\u0161kih situacija&nbsp;kao i&nbsp;promena,&nbsp;podr\u017eava te&nbsp;u pronala\u017eenju resursa, opcija i ve\u0161tina neophodnih u postizanju uspeha&nbsp;kakona li\u010dnom, porodi\u010dnom, partnerskom&nbsp;tako&nbsp;i&nbsp;u&nbsp;biznis planu.<br><br><br><strong>KOLIKO SESIJA&nbsp;MI&nbsp;JE POTREBNO?<br><\/strong><br>Znam da se mnogima&nbsp;ne\u0107e&nbsp;dopasti&nbsp;odgovor, ali stvarno zavisi.&nbsp;<br>Coaching&nbsp;daje najbolje i dugoro\u010dne rezultate kada obuhvati \u010ditav proces od pet ili vi\u0161e sesija.&nbsp;<br><br>Zamisli koliko godina si \u017eivela na jedan na\u010din. Koliko dugo nosi\u0161 ista uverenja,&nbsp;isti na\u010din razmi\u0161ljanja. Koliko dugo nosi\u0161&nbsp;strahove,  strepnje. Koliko dugo ima\u0161&nbsp;pona\u0161anja koja te ne podr\u017eavaju. Na&nbsp;coaching-u upravo radimo na toj promeni. Zbog toga je nemogu\u0107e da na jednoj sesiji razre\u0161i\u0161 godine ili decenije jednog pona\u0161anja ili uverenja.&nbsp;<br>Moramo sru\u0161iti staru strukturu pona\u0161anja, sposobnosti,&nbsp;uverenja&nbsp;i zameniti novim,&nbsp;podr\u017eavaju\u0107im&nbsp;a to je duboki proces.<br><br>Na svakoj sesiji dolazimo do nekog isceljenja, nekih spoznaja, nekog razre\u0161enja.<br><br><em>SVAKA PROMENA JE TE\u0160KA NA PO\u010cETKU, ZBRKANA U SREDINI I PREKRASNA NA KRAJU.<br><\/em>&#8211; Robin&nbsp;Sharma<br><br><br><strong>DA LI \u0106U IMATI NEKE DOMA\u0106E ZADATKE IZME\u0110U SESIJA?<br><\/strong><br>Da. I ti zadaci su od krucijalne va\u017enosti&nbsp;kako&nbsp;bi se desila promena.<br>\u0160ta god da ti dam tokom sesija, ukoliko ostane samo na re\u010dima ni\u0161ta se bitno ne\u0107e desiti.<br><br>De\u0161avalo mi se da mi se klijenti izvine kad ne urade doma\u0107i zadatak, ali zadatak nikad ne radi\u0161 zbog mene. Mi nismo u \u0161koli i ja kao&nbsp;coach&nbsp;nikad ne\u0107u ocenjivati tvoje zalaganje. Li\u010dno ja nemam ni\u0161ta od toga da li \u0107e\u0161 ili ne\u0107e\u0161 uraditi zadatak, jer \u0107u ja svakako mo\u0107i da te vodim kroz slede\u0107u sesiju.&nbsp;<\/p>\n\n\n\n<p>Va\u017eno je da uradi\u0161 zadatak zbog sebe!<br><br><strong><em>ZNANJE NIJE MO\u0106, PRIMENA JE MO\u0106.<br><\/em><\/strong><br><br><strong>DA LI POSTOJE NEKI USLOVI KOJE BI JA KAO KLIJENT TREBALO DA ISPUNIM?<br><\/strong><br>Da,\u00a0apsolutno. Odgovornost je ovde klju\u010dna re\u010d.\u00a0Ja kao tvoj\u00a0coach\u00a0dajem ti svo svoje znanje i najbolje alate koji trenutno postoje u svetu. Uz pomo\u0107 tih alata ti \u0107e\u0161 mo\u0107i da sredi\u0161 svoj \u017eivot u svim segmentima. Ali ja ne mogu da radim\u00a0umesto tebe. Za pravi uspeh ti mora\u0161 da se zauzme\u0161 za sebe, da napravi\u0161 korake jer samo tako mo\u017ee\u0161 postati najbolja verzija sebe.<br><br>Zamisli samo \u0161ta \u0107e se dogoditi s tobom ako ne preduzme\u0161 ni\u0161ta?<br><br>Sad zamisli ko mo\u017ee\u0161 postati ako se usudi\u0161 da postane\u0161 najbolja verzija sebe.<br><br><br><strong>KOLIKO TRAJE JEDNA SESIJA?<br><\/strong><br>Jedna sesija traje sat vremena.<br><br>Moja preporuka je da se sesije odvijaju na razmaku od deset dana.<\/p>\n\n\n\n<p><\/p>\n\n\n\n<p><strong>KAKO DA ZNA\u0160 DA TI JE POTREBAN TRANSFORMATIVNI COACH ZA RAZVOD ?&nbsp;<\/strong><\/p>\n\n\n\n<p>Kada radim sa klijentima koji se suo\u010davaju sa razvodom, uvek tra\u017eim \u0161to bolje na\u010dine da ih podr\u017eim kroz proces.<\/p>\n\n\n\n<p>Evo nekoliko razloga o kojim bi mogla da razmislis da potra\u017ei\u0161 coacha za razvod:<\/p>\n\n\n\n<p>\u2022Toliko si upla\u0161ena za svoju budu\u0107nost\u00a0\u00a0\u00a0\u00a0<\/p>\n\n\n\n<p>\u2022Ne razmi\u0161lja\u0161 jasno i to ti veoma ote\u017eava dono\u0161enje bilo kakvih odluka\u00a0<\/p>\n\n\n\n<p>\u2022Veoma si ljuta i poku\u0161ava\u0161 da iskoristi\u0161 svoj razvod kako bi se osvetila\u00a0\u00a0\u00a0\u00a0<\/p>\n\n\n\n<p>\u2022Bori\u0161 se da smisli\u0161 roditeljski plan koji \u0107e uspeti\u00a0<\/p>\n\n\n\n<p>\u2022Mu\u010di\u0161 se da shvati\u0161 kako \u0107ete biti zajedni\u010dki roditelji\u00a0\u00a0\u00a0\u00a0\u00a0\u00a0\u00a0<\/p>\n\n\n\n<p>\u2022Nema\u0161 pojma \u0161ta da radi\u0161 kada razvod bude kona\u010dan\u00a0\u00a0\u00a0\u00a0<\/p>\n\n\n\n<p>\u2022Tvoje samopouzdanje je na niskom nivou<\/p>\n\n\n\n<p>Ta\u010dno znam i razumem kako se ose\u0107a\u0161!<\/p>\n\n\n\n<p><strong>\u0160TA COACHING NIJE?&nbsp;<\/strong><\/p>\n\n\n\n<p>Coaching nije terapija.<\/p>\n\n\n\n<p>Dok se terapija uglavnom fokusira na probleme u pro\u0161losti, coaching se fokusira na pobolj\u0161anje \u201cOVDE I SADA.\u201d<\/p>\n\n\n\n<p>Coach \u0107e apsolutno biti zainteresovan za to \u0161ta je ,,izvorni materijal\u201d i \u017eele\u0107e da zna koja su to \u017eivotna iskustva koja su te dovela tu gde si sada. Medjutim cilj u coachingu nije nu\u017eno da se vratimo u pro\u0161lost i da se pozabavimo njome.&nbsp;<\/p>\n\n\n\n<p>Ono na \u010demu radite u coachingu je:<\/p>\n\n\n\n<p>GDE STE SADA I GDE \u017dELITE DA BUDETE?<\/p>\n","protected":false},"excerpt":{"rendered":"<p>Coaching proces \u2022\u0160ta je Life Coach? Life coach je osoba koja je profesionalno edukovana da ti pomogne da unapredi\u0161 svoj \u017eivot, probudi\u0161 uspavane potencijale, pronadje\u0161 nove mogu\u0107nosti i re\u0161enja, stekne\u0161 nove ve\u0161tine, unapredi\u0161 svoju komunikaciju. Life Coach poma\u017ee svojim klijentima u pobolj\u0161anju njihovih odnosa, karjere i svakodnevnog \u017eivota. Life coach ti mo\u017ee pomo\u0107i da razjasni\u0161 [&hellip;]<\/p>\n","protected":false},"author":1,"featured_media":21,"parent":0,"menu_order":0,"comment_status":"closed","ping_status":"closed","template":"","meta":[],"_links":{"self":[{"href":"https:\/\/jelenagavrilovic.rs\/index.php?rest_route=\/wp\/v2\/pages\/199"}],"collection":[{"href":"https:\/\/jelenagavrilovic.rs\/index.php?rest_route=\/wp\/v2\/pages"}],"about":[{"href":"https:\/\/jelenagavrilovic.rs\/index.php?rest_route=\/wp\/v2\/types\/page"}],"author":[{"embeddable":true,"href":"https:\/\/jelenagavrilovic.rs\/index.php?rest_route=\/wp\/v2\/users\/1"}],"replies":[{"embeddable":true,"href":"https:\/\/jelenagavrilovic.rs\/index.php?rest_route=%2Fwp%2Fv2%2Fcomments&post=199"}],"version-history":[{"count":12,"href":"https:\/\/jelenagavrilovic.rs\/index.php?rest_route=\/wp\/v2\/pages\/199\/revisions"}],"predecessor-version":[{"id":266,"href":"https:\/\/jelenagavrilovic.rs\/index.php?rest_route=\/wp\/v2\/pages\/199\/revisions\/266"}],"wp:featuredmedia":[{"embeddable":true,"href":"https:\/\/jelenagavrilovic.rs\/index.php?rest_route=\/wp\/v2\/media\/21"}],"wp:attachment":[{"href":"https:\/\/jelenagavrilovic.rs\/index.php?rest_route=%2Fwp%2Fv2%2Fmedia&parent=199"}],"curies":[{"name":"wp","href":"https:\/\/api.w.org\/{rel}","templated":true}]}}